{"id":1537,"date":"2018-08-15T11:23:09","date_gmt":"2018-08-15T09:23:09","guid":{"rendered":"https:\/\/www.mt-jagd.de\/mtj-shop\/?post_type=product&#038;p=1537"},"modified":"2025-03-27T10:46:44","modified_gmt":"2025-03-27T09:46:44","slug":"swarovski-linsenreinigungsset","status":"publish","type":"product","link":"https:\/\/www.mt-jagd.de\/mtj-shop\/produkte\/swarovski-linsenreinigungsset\/","title":{"rendered":"Swarovski Linsenreinigungsset"},"content":{"rendered":"<p>Das Cleaning Set ist in einer praktischen G\u00fcrteltasche erh\u00e4ltlich und besteht aus Reinigungst\u00fcchern, -pinsel und -fl\u00fcssigkeit sowie aus einem Mikrofasertuch. Ideal zum Reinigen aller Linsen.<\/p>\n<p>&nbsp;<\/p>\n<p><strong>dieses Reinigungsset erhalten Sie gratis bei einem Kauf eines Swarovski Zielfernrohr oder Fernglas!!<\/strong><\/p>\n","protected":false},"excerpt":{"rendered":"<p>Das Cleaning Set ist in einer praktischen G\u00fcrteltasche erh\u00e4ltlich und besteht aus Reinigungst\u00fcchern, -pinsel und -fl\u00fcssigkeit sowie aus einem Mikrofasertuch. [&hellip;]<\/p>\n","protected":false},"featured_media":1538,"template":"","meta":{"jetpack_post_was_ever_published":false,"jetpack_publicize_message":"","jetpack_publicize_feature_enabled":true,"jetpack_social_post_already_shared":true,"jetpack_social_options":{"image_generator_settings":{"template":"highway","default_image_id":0,"font":"","enabled":false},"version":2}},"product_brand":[],"product_cat":[58,54],"product_tag":[],"class_list":{"0":"post-1537","1":"product","2":"type-product","3":"status-publish","4":"has-post-thumbnail","6":"product_cat-neue-optik","7":"product_cat-zubehoer","8":"product_shipping_class-334","10":"first","11":"instock","12":"sale","13":"taxable","14":"shipping-taxable","15":"purchasable","16":"product-type-simple"},"jetpack_publicize_connections":[],"jetpack_sharing_enabled":true,"jetpack_likes_enabled":true,"jetpack-related-posts":[],"_links":{"self":[{"href":"https:\/\/www.mt-jagd.de\/mtj-shop\/wp-json\/wp\/v2\/product\/1537","targetHints":{"allow":["GET"]}}],"collection":[{"href":"https:\/\/www.mt-jagd.de\/mtj-shop\/wp-json\/wp\/v2\/product"}],"about":[{"href":"https:\/\/www.mt-jagd.de\/mtj-shop\/wp-json\/wp\/v2\/types\/product"}],"wp:featuredmedia":[{"embeddable":true,"href":"https:\/\/www.mt-jagd.de\/mtj-shop\/wp-json\/wp\/v2\/media\/1538"}],"wp:attachment":[{"href":"https:\/\/www.mt-jagd.de\/mtj-shop\/wp-json\/wp\/v2\/media?parent=1537"}],"wp:term":[{"taxonomy":"product_brand","embeddable":true,"href":"https:\/\/www.mt-jagd.de\/mtj-shop\/wp-json\/wp\/v2\/product_brand?post=1537"},{"taxonomy":"product_cat","embeddable":true,"href":"https:\/\/www.mt-jagd.de\/mtj-shop\/wp-json\/wp\/v2\/product_cat?post=1537"},{"taxonomy":"product_tag","embeddable":true,"href":"https:\/\/www.mt-jagd.de\/mtj-shop\/wp-json\/wp\/v2\/product_tag?post=1537"}],"curies":[{"name":"wp","href":"https:\/\/api.w.org\/{rel}","templated":true}]}}