{"id":493,"date":"2017-11-09T10:59:32","date_gmt":"2017-11-09T09:59:32","guid":{"rendered":"https:\/\/www.mt-jagd.de\/?post_type=product&#038;p=493"},"modified":"2025-03-27T10:55:53","modified_gmt":"2025-03-27T09:55:53","slug":"fernglas","status":"publish","type":"product","link":"https:\/\/www.mt-jagd.de\/mtj-shop\/produkte\/fernglas\/","title":{"rendered":"Fernglas Swarovski EL 8,5&#215;42"},"content":{"rendered":"<p>Dieses Fernglas bietet brillante Farben, h\u00f6chste Sch\u00e4rfe bis an den Rand und ein komplettes Weitwinkel-Sehfeld auch f\u00fcr Brillentr\u00e4ger geeignet! Im Lieferumfang ist ein Trageriemen, Okular- und Objektivabdeckung. Sowie eine Transporttasche mit Riemen.<\/p>\n","protected":false},"excerpt":{"rendered":"<p>Dieses Fernglas bietet brillante Farben, h\u00f6chste Sch\u00e4rfe bis an den Rand und ein komplettes Weitwinkel-Sehfeld auch f\u00fcr Brillentr\u00e4ger geeignet! Im [&hellip;]<\/p>\n","protected":false},"featured_media":1522,"template":"","meta":{"jetpack_post_was_ever_published":false,"jetpack_publicize_message":"","jetpack_publicize_feature_enabled":true,"jetpack_social_post_already_shared":false,"jetpack_social_options":{"image_generator_settings":{"template":"highway","default_image_id":0,"font":"","enabled":false},"version":2}},"product_brand":[],"product_cat":[53,58,60],"product_tag":[],"class_list":{"0":"post-493","1":"product","2":"type-product","3":"status-publish","4":"has-post-thumbnail","6":"product_cat-optik","7":"product_cat-neue-optik","8":"product_cat-fernglaeser","9":"product_shipping_class-334","11":"first","12":"onbackorder","13":"sale","14":"taxable","15":"shipping-taxable","16":"purchasable","17":"product-type-simple"},"jetpack_publicize_connections":[],"jetpack_sharing_enabled":true,"jetpack_likes_enabled":true,"jetpack-related-posts":[],"_links":{"self":[{"href":"https:\/\/www.mt-jagd.de\/mtj-shop\/wp-json\/wp\/v2\/product\/493","targetHints":{"allow":["GET"]}}],"collection":[{"href":"https:\/\/www.mt-jagd.de\/mtj-shop\/wp-json\/wp\/v2\/product"}],"about":[{"href":"https:\/\/www.mt-jagd.de\/mtj-shop\/wp-json\/wp\/v2\/types\/product"}],"wp:featuredmedia":[{"embeddable":true,"href":"https:\/\/www.mt-jagd.de\/mtj-shop\/wp-json\/wp\/v2\/media\/1522"}],"wp:attachment":[{"href":"https:\/\/www.mt-jagd.de\/mtj-shop\/wp-json\/wp\/v2\/media?parent=493"}],"wp:term":[{"taxonomy":"product_brand","embeddable":true,"href":"https:\/\/www.mt-jagd.de\/mtj-shop\/wp-json\/wp\/v2\/product_brand?post=493"},{"taxonomy":"product_cat","embeddable":true,"href":"https:\/\/www.mt-jagd.de\/mtj-shop\/wp-json\/wp\/v2\/product_cat?post=493"},{"taxonomy":"product_tag","embeddable":true,"href":"https:\/\/www.mt-jagd.de\/mtj-shop\/wp-json\/wp\/v2\/product_tag?post=493"}],"curies":[{"name":"wp","href":"https:\/\/api.w.org\/{rel}","templated":true}]}}